{"id":885,"date":"2021-01-03T12:36:42","date_gmt":"2021-01-03T12:36:42","guid":{"rendered":"https:\/\/www.mullinger.de\/?post_type=product&#038;p=885"},"modified":"2021-01-03T12:42:57","modified_gmt":"2021-01-03T12:42:57","slug":"dyrberg-kern-halskette-mit-anhaenger-future-perfect-golden","status":"publish","type":"product","link":"https:\/\/www.mullinger.de\/?product=dyrberg-kern-halskette-mit-anhaenger-future-perfect-golden","title":{"rendered":"DYRBERG KERN Halskette mit Anh\u00e4nger, FUTURE PERFECT, golden"},"content":{"rendered":"<p>Au\u00dfergew\u00f6hnlich seltene Halskette mit zwei Anh\u00e4ngern: Einer mit einem wei\u00dfen Swarovski besetzt, der andere mit dem Schriftzug FUTURE PERFECT<\/p>\n<p>Geschlossen wird die Kette mit einem typischen Karabiner, an dem sich eine &#8222;Marke&#8220; mit dem Schriftzug DYRBERG KERN befindet.<\/p>\n<p>Die Anh\u00e4nger sind ca. 2 x 1 cm gro\u00df<\/p>\n<p>L\u00e4nge der Kette: ca. 40 cm<\/p>\n","protected":false},"excerpt":{"rendered":"<p>Au\u00dfergew\u00f6hnlich seltene Halskette mit zwei Anh\u00e4ngern: Einer mit einem wei\u00dfen Swarovski besetzt, der andere mit dem Schriftzug FUTURE PERFECT Geschlossen wird die Kette mit einem typischen Karabiner, an dem sich eine &#8222;Marke&#8220; mit dem Schriftzug DYRBERG KERN befindet. Die Anh\u00e4nger sind ca. 2 x 1 cm gro\u00df L\u00e4nge der Kette: ca. 40 cm<\/p>\n","protected":false},"featured_media":886,"template":"","meta":[],"product_brand":[],"product_cat":[37],"product_tag":[39,42,40,41],"class_list":{"0":"post-885","1":"product","2":"type-product","3":"status-publish","4":"has-post-thumbnail","6":"product_cat-dyrberg-kern","7":"product_tag-dyrberg","8":"product_tag-halskette","9":"product_tag-kern","10":"product_tag-kette","12":"first","13":"instock","14":"taxable","15":"shipping-taxable","16":"purchasable","17":"product-type-simple"},"jetpack_sharing_enabled":true,"_links":{"self":[{"href":"https:\/\/www.mullinger.de\/index.php?rest_route=\/wp\/v2\/product\/885","targetHints":{"allow":["GET"]}}],"collection":[{"href":"https:\/\/www.mullinger.de\/index.php?rest_route=\/wp\/v2\/product"}],"about":[{"href":"https:\/\/www.mullinger.de\/index.php?rest_route=\/wp\/v2\/types\/product"}],"wp:featuredmedia":[{"embeddable":true,"href":"https:\/\/www.mullinger.de\/index.php?rest_route=\/wp\/v2\/media\/886"}],"wp:attachment":[{"href":"https:\/\/www.mullinger.de\/index.php?rest_route=%2Fwp%2Fv2%2Fmedia&parent=885"}],"wp:term":[{"taxonomy":"product_brand","embeddable":true,"href":"https:\/\/www.mullinger.de\/index.php?rest_route=%2Fwp%2Fv2%2Fproduct_brand&post=885"},{"taxonomy":"product_cat","embeddable":true,"href":"https:\/\/www.mullinger.de\/index.php?rest_route=%2Fwp%2Fv2%2Fproduct_cat&post=885"},{"taxonomy":"product_tag","embeddable":true,"href":"https:\/\/www.mullinger.de\/index.php?rest_route=%2Fwp%2Fv2%2Fproduct_tag&post=885"}],"curies":[{"name":"wp","href":"https:\/\/api.w.org\/{rel}","templated":true}]}}