{"id":813,"date":"2019-10-19T09:50:39","date_gmt":"2019-10-19T09:50:39","guid":{"rendered":"https:\/\/www.mullinger.de\/?post_type=product&#038;p=813"},"modified":"2019-10-19T10:02:10","modified_gmt":"2019-10-19T10:02:10","slug":"pilgrim-halskette-mit-anhaengern-silbern-gruen-grau","status":"publish","type":"product","link":"https:\/\/www.mullinger.de\/?product=pilgrim-halskette-mit-anhaengern-silbern-gruen-grau","title":{"rendered":"PILGRIM Halskette mit Anh\u00e4ngern, bunt"},"content":{"rendered":"<p>auff\u00e4lliger Halskette mit diversen Anh\u00e4ngern in den Farben gr\u00fcn, t\u00fcrkis, silbern und grau<\/p>\n<p>Anh\u00e4nger teils Swarovskis, teils Stein oder Metall, dar\u00fcber emaillierte Applikationen<\/p>\n<p>\u00fcber den Anh\u00e4ngern zwei wei\u00dfe Swarovski<\/p>\n<p>L\u00e4nge ca. 40 cm, einstellbar durch Kette<\/p>\n<p>Karabinerverschluss, DANISH PILGRIM-Marke<\/p>\n","protected":false},"excerpt":{"rendered":"<p>auff\u00e4lliger Halskette mit diversen Anh\u00e4ngern in den Farben gr\u00fcn, t\u00fcrkis, silbern und grau Anh\u00e4nger teils Swarovskis, teils Stein oder Metall, dar\u00fcber emaillierte Applikationen \u00fcber den Anh\u00e4ngern zwei wei\u00dfe Swarovski L\u00e4nge ca. 40 cm, einstellbar durch Kette Karabinerverschluss, DANISH PILGRIM-Marke<\/p>\n","protected":false},"featured_media":814,"template":"","meta":[],"product_brand":[],"product_cat":[53],"product_tag":[],"class_list":{"0":"post-813","1":"product","2":"type-product","3":"status-publish","4":"has-post-thumbnail","6":"product_cat-pilgrim","8":"first","9":"instock","10":"taxable","11":"shipping-taxable","12":"purchasable","13":"product-type-simple"},"jetpack_sharing_enabled":true,"_links":{"self":[{"href":"https:\/\/www.mullinger.de\/index.php?rest_route=\/wp\/v2\/product\/813","targetHints":{"allow":["GET"]}}],"collection":[{"href":"https:\/\/www.mullinger.de\/index.php?rest_route=\/wp\/v2\/product"}],"about":[{"href":"https:\/\/www.mullinger.de\/index.php?rest_route=\/wp\/v2\/types\/product"}],"wp:featuredmedia":[{"embeddable":true,"href":"https:\/\/www.mullinger.de\/index.php?rest_route=\/wp\/v2\/media\/814"}],"wp:attachment":[{"href":"https:\/\/www.mullinger.de\/index.php?rest_route=%2Fwp%2Fv2%2Fmedia&parent=813"}],"wp:term":[{"taxonomy":"product_brand","embeddable":true,"href":"https:\/\/www.mullinger.de\/index.php?rest_route=%2Fwp%2Fv2%2Fproduct_brand&post=813"},{"taxonomy":"product_cat","embeddable":true,"href":"https:\/\/www.mullinger.de\/index.php?rest_route=%2Fwp%2Fv2%2Fproduct_cat&post=813"},{"taxonomy":"product_tag","embeddable":true,"href":"https:\/\/www.mullinger.de\/index.php?rest_route=%2Fwp%2Fv2%2Fproduct_tag&post=813"}],"curies":[{"name":"wp","href":"https:\/\/api.w.org\/{rel}","templated":true}]}}