{"id":808,"date":"2019-10-18T18:03:07","date_gmt":"2019-10-18T18:03:07","guid":{"rendered":"https:\/\/www.mullinger.de\/?post_type=product&#038;p=808"},"modified":"2019-10-18T18:12:05","modified_gmt":"2019-10-18T18:12:05","slug":"pilgrim-halskette-flower-silbern","status":"publish","type":"product","link":"https:\/\/www.mullinger.de\/?product=pilgrim-halskette-flower-silbern","title":{"rendered":"PILGRIM Halskette FLOWER, silbern"},"content":{"rendered":"<p>auff\u00e4lliger florale Halskette, silbern<\/p>\n<p>Anh\u00e4nger in Bl\u00fctenform, 1x gro\u00df, 2x klein<\/p>\n<p>\u00fcber den Anh\u00e4ngern zwei wei\u00dfe Swarovski<\/p>\n<p>L\u00e4nge ca. 40 cm, einstellbar durch Kette<\/p>\n<p>Karabinerverschluss, DANISH PILGRIM-Marke<\/p>\n","protected":false},"excerpt":{"rendered":"<p>auff\u00e4lliger florale Halskette, silbern Anh\u00e4nger in Bl\u00fctenform, 1x gro\u00df, 2x klein \u00fcber den Anh\u00e4ngern zwei wei\u00dfe Swarovski L\u00e4nge ca. 40 cm, einstellbar durch Kette Karabinerverschluss, DANISH PILGRIM-Marke<\/p>\n","protected":false},"featured_media":809,"template":"","meta":[],"product_brand":[],"product_cat":[53],"product_tag":[],"class_list":{"0":"post-808","1":"product","2":"type-product","3":"status-publish","4":"has-post-thumbnail","6":"product_cat-pilgrim","8":"first","9":"instock","10":"taxable","11":"shipping-taxable","12":"purchasable","13":"product-type-simple"},"jetpack_sharing_enabled":true,"_links":{"self":[{"href":"https:\/\/www.mullinger.de\/index.php?rest_route=\/wp\/v2\/product\/808","targetHints":{"allow":["GET"]}}],"collection":[{"href":"https:\/\/www.mullinger.de\/index.php?rest_route=\/wp\/v2\/product"}],"about":[{"href":"https:\/\/www.mullinger.de\/index.php?rest_route=\/wp\/v2\/types\/product"}],"wp:featuredmedia":[{"embeddable":true,"href":"https:\/\/www.mullinger.de\/index.php?rest_route=\/wp\/v2\/media\/809"}],"wp:attachment":[{"href":"https:\/\/www.mullinger.de\/index.php?rest_route=%2Fwp%2Fv2%2Fmedia&parent=808"}],"wp:term":[{"taxonomy":"product_brand","embeddable":true,"href":"https:\/\/www.mullinger.de\/index.php?rest_route=%2Fwp%2Fv2%2Fproduct_brand&post=808"},{"taxonomy":"product_cat","embeddable":true,"href":"https:\/\/www.mullinger.de\/index.php?rest_route=%2Fwp%2Fv2%2Fproduct_cat&post=808"},{"taxonomy":"product_tag","embeddable":true,"href":"https:\/\/www.mullinger.de\/index.php?rest_route=%2Fwp%2Fv2%2Fproduct_tag&post=808"}],"curies":[{"name":"wp","href":"https:\/\/api.w.org\/{rel}","templated":true}]}}