{"id":803,"date":"2019-10-18T17:47:59","date_gmt":"2019-10-18T17:47:59","guid":{"rendered":"https:\/\/www.mullinger.de\/?post_type=product&#038;p=803"},"modified":"2019-10-19T15:52:05","modified_gmt":"2019-10-19T15:52:05","slug":"pilgrim-halskette-drop-silbern","status":"publish","type":"product","link":"https:\/\/www.mullinger.de\/?product=pilgrim-halskette-drop-silbern","title":{"rendered":"PILGRIM Halskette DROP, silbern"},"content":{"rendered":"<p>dezente Halskette aus d\u00fcnnen, feinen Gliedern<\/p>\n<p>Anh\u00e4nger in Tropfenform, glitzernd<\/p>\n<p>L\u00e4nge ca. 40 cm, einstellbar durch Kette<\/p>\n<p>Karabinerverschluss, PILGRIM-Marke<\/p>\n","protected":false},"excerpt":{"rendered":"<p>dezente Halskette aus d\u00fcnnen, feinen Gliedern Anh\u00e4nger in Tropfenform, glitzernd L\u00e4nge ca. 40 cm, einstellbar durch Kette Karabinerverschluss, PILGRIM-Marke<\/p>\n","protected":false},"featured_media":804,"template":"","meta":[],"product_brand":[],"product_cat":[53],"product_tag":[],"class_list":{"0":"post-803","1":"product","2":"type-product","3":"status-publish","4":"has-post-thumbnail","6":"product_cat-pilgrim","8":"first","9":"instock","10":"sale","11":"taxable","12":"shipping-taxable","13":"purchasable","14":"product-type-simple"},"jetpack_sharing_enabled":true,"_links":{"self":[{"href":"https:\/\/www.mullinger.de\/index.php?rest_route=\/wp\/v2\/product\/803","targetHints":{"allow":["GET"]}}],"collection":[{"href":"https:\/\/www.mullinger.de\/index.php?rest_route=\/wp\/v2\/product"}],"about":[{"href":"https:\/\/www.mullinger.de\/index.php?rest_route=\/wp\/v2\/types\/product"}],"wp:featuredmedia":[{"embeddable":true,"href":"https:\/\/www.mullinger.de\/index.php?rest_route=\/wp\/v2\/media\/804"}],"wp:attachment":[{"href":"https:\/\/www.mullinger.de\/index.php?rest_route=%2Fwp%2Fv2%2Fmedia&parent=803"}],"wp:term":[{"taxonomy":"product_brand","embeddable":true,"href":"https:\/\/www.mullinger.de\/index.php?rest_route=%2Fwp%2Fv2%2Fproduct_brand&post=803"},{"taxonomy":"product_cat","embeddable":true,"href":"https:\/\/www.mullinger.de\/index.php?rest_route=%2Fwp%2Fv2%2Fproduct_cat&post=803"},{"taxonomy":"product_tag","embeddable":true,"href":"https:\/\/www.mullinger.de\/index.php?rest_route=%2Fwp%2Fv2%2Fproduct_tag&post=803"}],"curies":[{"name":"wp","href":"https:\/\/api.w.org\/{rel}","templated":true}]}}