{"id":775,"date":"2019-10-17T18:59:27","date_gmt":"2019-10-17T18:59:27","guid":{"rendered":"https:\/\/www.mullinger.de\/?post_type=product&#038;p=775"},"modified":"2019-10-19T15:54:31","modified_gmt":"2019-10-19T15:54:31","slug":"pilgrim-perlenkette-silbern-schwarz-perlmutfarben","status":"publish","type":"product","link":"https:\/\/www.mullinger.de\/?product=pilgrim-perlenkette-silbern-schwarz-perlmutfarben","title":{"rendered":"PILGRIM Perlenkette, silbern, schwarz, perlmutfarben"},"content":{"rendered":"<p>stilechte und elegante Perlenkette, Perlengr\u00f6\u00dfe ca. 5 mm, mittig gr\u00f6\u00dfere Applikation in silbern\/schwarz<\/p>\n<p>L\u00e4nge ca. 40 cm, verstellbar durch Kette<\/p>\n<p>Karabinerverschluss mit Marke PILGRIM<\/p>\n","protected":false},"excerpt":{"rendered":"<p>stilechte und elegante Perlenkette, Perlengr\u00f6\u00dfe ca. 5 mm, mittig gr\u00f6\u00dfere Applikation in silbern\/schwarz L\u00e4nge ca. 40 cm, verstellbar durch Kette Karabinerverschluss mit Marke PILGRIM<\/p>\n","protected":false},"featured_media":776,"template":"","meta":[],"product_brand":[],"product_cat":[53],"product_tag":[],"class_list":{"0":"post-775","1":"product","2":"type-product","3":"status-publish","4":"has-post-thumbnail","6":"product_cat-pilgrim","8":"first","9":"instock","10":"sale","11":"taxable","12":"shipping-taxable","13":"purchasable","14":"product-type-simple"},"jetpack_sharing_enabled":true,"_links":{"self":[{"href":"https:\/\/www.mullinger.de\/index.php?rest_route=\/wp\/v2\/product\/775","targetHints":{"allow":["GET"]}}],"collection":[{"href":"https:\/\/www.mullinger.de\/index.php?rest_route=\/wp\/v2\/product"}],"about":[{"href":"https:\/\/www.mullinger.de\/index.php?rest_route=\/wp\/v2\/types\/product"}],"wp:featuredmedia":[{"embeddable":true,"href":"https:\/\/www.mullinger.de\/index.php?rest_route=\/wp\/v2\/media\/776"}],"wp:attachment":[{"href":"https:\/\/www.mullinger.de\/index.php?rest_route=%2Fwp%2Fv2%2Fmedia&parent=775"}],"wp:term":[{"taxonomy":"product_brand","embeddable":true,"href":"https:\/\/www.mullinger.de\/index.php?rest_route=%2Fwp%2Fv2%2Fproduct_brand&post=775"},{"taxonomy":"product_cat","embeddable":true,"href":"https:\/\/www.mullinger.de\/index.php?rest_route=%2Fwp%2Fv2%2Fproduct_cat&post=775"},{"taxonomy":"product_tag","embeddable":true,"href":"https:\/\/www.mullinger.de\/index.php?rest_route=%2Fwp%2Fv2%2Fproduct_tag&post=775"}],"curies":[{"name":"wp","href":"https:\/\/api.w.org\/{rel}","templated":true}]}}