{"id":762,"date":"2019-10-17T18:14:56","date_gmt":"2019-10-17T18:14:56","guid":{"rendered":"https:\/\/www.mullinger.de\/?post_type=product&#038;p=762"},"modified":"2021-12-17T17:42:11","modified_gmt":"2021-12-17T17:42:11","slug":"dyrberg-kern-suesse-quadratische-ohrstecker-silbern","status":"publish","type":"product","link":"https:\/\/www.mullinger.de\/?product=dyrberg-kern-suesse-quadratische-ohrstecker-silbern","title":{"rendered":"DYRBERG KERN quadratische Ohrstecker EARPOST, silbern"},"content":{"rendered":"<p>s\u00fc\u00dfe quadratische Ohrstecker, silberfarben mit wei\u00dfen Swarovski besetzt<\/p>\n<p>Marken im Au\u00dfenrand: D\/K<\/p>\n<p>Ohrstecker Durchmesser ca. 1 cm<\/p>\n","protected":false},"excerpt":{"rendered":"<p>s\u00fc\u00dfe quadratische Ohrstecker, silberfarben mit wei\u00dfen Swarovski besetzt Marken im Au\u00dfenrand: D\/K Ohrstecker Durchmesser ca. 1 cm<\/p>\n","protected":false},"featured_media":763,"template":"","meta":[],"product_brand":[],"product_cat":[37],"product_tag":[],"class_list":{"0":"post-762","1":"product","2":"type-product","3":"status-publish","4":"has-post-thumbnail","6":"product_cat-dyrberg-kern","8":"first","9":"instock","10":"taxable","11":"shipping-taxable","12":"purchasable","13":"product-type-simple"},"jetpack_sharing_enabled":true,"_links":{"self":[{"href":"https:\/\/www.mullinger.de\/index.php?rest_route=\/wp\/v2\/product\/762","targetHints":{"allow":["GET"]}}],"collection":[{"href":"https:\/\/www.mullinger.de\/index.php?rest_route=\/wp\/v2\/product"}],"about":[{"href":"https:\/\/www.mullinger.de\/index.php?rest_route=\/wp\/v2\/types\/product"}],"wp:featuredmedia":[{"embeddable":true,"href":"https:\/\/www.mullinger.de\/index.php?rest_route=\/wp\/v2\/media\/763"}],"wp:attachment":[{"href":"https:\/\/www.mullinger.de\/index.php?rest_route=%2Fwp%2Fv2%2Fmedia&parent=762"}],"wp:term":[{"taxonomy":"product_brand","embeddable":true,"href":"https:\/\/www.mullinger.de\/index.php?rest_route=%2Fwp%2Fv2%2Fproduct_brand&post=762"},{"taxonomy":"product_cat","embeddable":true,"href":"https:\/\/www.mullinger.de\/index.php?rest_route=%2Fwp%2Fv2%2Fproduct_cat&post=762"},{"taxonomy":"product_tag","embeddable":true,"href":"https:\/\/www.mullinger.de\/index.php?rest_route=%2Fwp%2Fv2%2Fproduct_tag&post=762"}],"curies":[{"name":"wp","href":"https:\/\/api.w.org\/{rel}","templated":true}]}}