{"id":747,"date":"2019-10-17T17:58:57","date_gmt":"2019-10-17T17:58:57","guid":{"rendered":"https:\/\/www.mullinger.de\/?post_type=product&#038;p=747"},"modified":"2019-10-17T18:01:06","modified_gmt":"2019-10-17T18:01:06","slug":"tokyo-jane-armband-orange-golden","status":"publish","type":"product","link":"https:\/\/www.mullinger.de\/?product=tokyo-jane-armband-orange-golden","title":{"rendered":"TOKYO JANE Armband, orange\/golden"},"content":{"rendered":"<div><span style=\"font-size: large;\">rockiges Armband mit formsch\u00f6nem Magnetverschluss zum zweimaligen Umbinden, quadratische Glieder kombinieren Baumwollb\u00e4ndchen &#8211; logogepr\u00e4gte Plakette als Anh\u00e4nger-Detail<\/span><\/div>\n<div><span style=\"font-size: large;\">\u00a0<\/span><\/div>\n<div><span style=\"font-size: large;\">Material: Schmuck von Tokyo Jane ist 100% nickelfrei. Das Grundmaterial ist vergoldet.<\/span><\/div>\n<div><span style=\"font-size: large;\">\u00a0<\/span><\/div>\n<div><span style=\"font-size: large;\">Ma\u00dfe: L\u00e4nge 35,5 cm \/Breite 0,5 cm<\/span><\/div>\n","protected":false},"excerpt":{"rendered":"<p>rockiges Armband mit formsch\u00f6nem Magnetverschluss zum zweimaligen Umbinden, quadratische Glieder kombinieren Baumwollb\u00e4ndchen &#8211; logogepr\u00e4gte Plakette als Anh\u00e4nger-Detail \u00a0 Material: Schmuck von Tokyo Jane ist 100% nickelfrei. Das Grundmaterial ist vergoldet. \u00a0 Ma\u00dfe: L\u00e4nge 35,5 cm \/Breite 0,5 cm<\/p>\n","protected":false},"featured_media":748,"template":"","meta":[],"product_brand":[],"product_cat":[57],"product_tag":[],"class_list":{"0":"post-747","1":"product","2":"type-product","3":"status-publish","4":"has-post-thumbnail","6":"product_cat-tokyo-jane","8":"first","9":"instock","10":"sale","11":"taxable","12":"shipping-taxable","13":"purchasable","14":"product-type-simple"},"jetpack_sharing_enabled":true,"_links":{"self":[{"href":"https:\/\/www.mullinger.de\/index.php?rest_route=\/wp\/v2\/product\/747","targetHints":{"allow":["GET"]}}],"collection":[{"href":"https:\/\/www.mullinger.de\/index.php?rest_route=\/wp\/v2\/product"}],"about":[{"href":"https:\/\/www.mullinger.de\/index.php?rest_route=\/wp\/v2\/types\/product"}],"wp:featuredmedia":[{"embeddable":true,"href":"https:\/\/www.mullinger.de\/index.php?rest_route=\/wp\/v2\/media\/748"}],"wp:attachment":[{"href":"https:\/\/www.mullinger.de\/index.php?rest_route=%2Fwp%2Fv2%2Fmedia&parent=747"}],"wp:term":[{"taxonomy":"product_brand","embeddable":true,"href":"https:\/\/www.mullinger.de\/index.php?rest_route=%2Fwp%2Fv2%2Fproduct_brand&post=747"},{"taxonomy":"product_cat","embeddable":true,"href":"https:\/\/www.mullinger.de\/index.php?rest_route=%2Fwp%2Fv2%2Fproduct_cat&post=747"},{"taxonomy":"product_tag","embeddable":true,"href":"https:\/\/www.mullinger.de\/index.php?rest_route=%2Fwp%2Fv2%2Fproduct_tag&post=747"}],"curies":[{"name":"wp","href":"https:\/\/api.w.org\/{rel}","templated":true}]}}