{"id":728,"date":"2019-10-17T17:49:00","date_gmt":"2019-10-17T17:49:00","guid":{"rendered":"https:\/\/www.mullinger.de\/?post_type=product&#038;p=728"},"modified":"2019-10-17T17:49:00","modified_gmt":"2019-10-17T17:49:00","slug":"tokyo-jane-armband-glamour-grau-silbern","status":"publish","type":"product","link":"https:\/\/www.mullinger.de\/?product=tokyo-jane-armband-glamour-grau-silbern","title":{"rendered":"TOKYO JANE Armband GLAMOUR, grau\/silbern"},"content":{"rendered":"<div>\n<div><span style=\"font-size: large;\">rockiges Armband mit Knebelverschluss, massive Glieder kombinieren eingeflochtene Satinb\u00e4ndchen und funkelnde Kristallsteine, logogepr\u00e4gte Plakette als Anh\u00e4nger-Detail<\/span><\/div>\n<div><span style=\"font-size: large;\">\u00a0<\/span><\/div>\n<div><span style=\"font-size: large;\">Material: Schmuck von Tokyo Jane ist 100% nickelfrei. Das Grundmaterial ist versilbert.<\/span><\/div>\n<div><span style=\"font-size: large;\">\u00a0<\/span><\/div>\n<div><span style=\"font-size: large;\">Ma\u00dfe: L\u00e4nge 16,5 &#8211; 18,5 cm \/ Breite 1,2 cm<\/span><\/div>\n<\/div>\n","protected":false},"excerpt":{"rendered":"<p>rockiges Armband mit Knebelverschluss, massive Glieder kombinieren eingeflochtene Satinb\u00e4ndchen und funkelnde Kristallsteine, logogepr\u00e4gte Plakette als Anh\u00e4nger-Detail \u00a0 Material: Schmuck von Tokyo Jane ist 100% nickelfrei. Das Grundmaterial ist versilbert. \u00a0 Ma\u00dfe: L\u00e4nge 16,5 &#8211; 18,5 cm \/ Breite 1,2 cm<\/p>\n","protected":false},"featured_media":729,"template":"","meta":[],"product_brand":[],"product_cat":[57],"product_tag":[],"class_list":{"0":"post-728","1":"product","2":"type-product","3":"status-publish","4":"has-post-thumbnail","6":"product_cat-tokyo-jane","8":"first","9":"instock","10":"taxable","11":"shipping-taxable","12":"purchasable","13":"product-type-simple"},"jetpack_sharing_enabled":true,"_links":{"self":[{"href":"https:\/\/www.mullinger.de\/index.php?rest_route=\/wp\/v2\/product\/728","targetHints":{"allow":["GET"]}}],"collection":[{"href":"https:\/\/www.mullinger.de\/index.php?rest_route=\/wp\/v2\/product"}],"about":[{"href":"https:\/\/www.mullinger.de\/index.php?rest_route=\/wp\/v2\/types\/product"}],"wp:featuredmedia":[{"embeddable":true,"href":"https:\/\/www.mullinger.de\/index.php?rest_route=\/wp\/v2\/media\/729"}],"wp:attachment":[{"href":"https:\/\/www.mullinger.de\/index.php?rest_route=%2Fwp%2Fv2%2Fmedia&parent=728"}],"wp:term":[{"taxonomy":"product_brand","embeddable":true,"href":"https:\/\/www.mullinger.de\/index.php?rest_route=%2Fwp%2Fv2%2Fproduct_brand&post=728"},{"taxonomy":"product_cat","embeddable":true,"href":"https:\/\/www.mullinger.de\/index.php?rest_route=%2Fwp%2Fv2%2Fproduct_cat&post=728"},{"taxonomy":"product_tag","embeddable":true,"href":"https:\/\/www.mullinger.de\/index.php?rest_route=%2Fwp%2Fv2%2Fproduct_tag&post=728"}],"curies":[{"name":"wp","href":"https:\/\/api.w.org\/{rel}","templated":true}]}}