{"id":693,"date":"2019-10-13T12:17:38","date_gmt":"2019-10-13T12:17:38","guid":{"rendered":"https:\/\/www.mullinger.de\/?post_type=product&#038;p=693"},"modified":"2026-01-14T10:56:55","modified_gmt":"2026-01-14T10:56:55","slug":"georg-jensen-anhaenger-charm-no-6-seepferdchen","status":"publish","type":"product","link":"https:\/\/www.mullinger.de\/?product=georg-jensen-anhaenger-charm-no-6-seepferdchen","title":{"rendered":"GEORG JENSEN Anh\u00e4nger &#8222;Charm No.6&#8220; SEEPFERDCHEN"},"content":{"rendered":"<p>Niedlicher Anh\u00e4nger (Chrom) Nr.6, Motiv SEEPFERDCHEN<\/p>\n<p>Gr\u00f6\u00dfe ca. 2 cm<\/p>\n<p>ohne Kette<\/p>\n<p>Sterling Silber, 925er<\/p>\n<p>Marken: 925, GJ<\/p>\n<p>geliefert in einer Schmuckschatulle<\/p>\n","protected":false},"excerpt":{"rendered":"<p>Niedlicher Anh\u00e4nger (Chrom) Nr.6, Motiv SEEPFERDCHEN Gr\u00f6\u00dfe ca. 2 cm ohne Kette Sterling Silber, 925er Marken: 925, GJ geliefert in einer Schmuckschatulle<\/p>\n","protected":false},"featured_media":694,"template":"","meta":[],"product_brand":[],"product_cat":[35],"product_tag":[],"class_list":{"0":"post-693","1":"product","2":"type-product","3":"status-publish","4":"has-post-thumbnail","6":"product_cat-georg-jensen-schmuck","8":"first","9":"instock","10":"taxable","11":"shipping-taxable","12":"purchasable","13":"product-type-simple"},"jetpack_sharing_enabled":true,"_links":{"self":[{"href":"https:\/\/www.mullinger.de\/index.php?rest_route=\/wp\/v2\/product\/693","targetHints":{"allow":["GET"]}}],"collection":[{"href":"https:\/\/www.mullinger.de\/index.php?rest_route=\/wp\/v2\/product"}],"about":[{"href":"https:\/\/www.mullinger.de\/index.php?rest_route=\/wp\/v2\/types\/product"}],"wp:featuredmedia":[{"embeddable":true,"href":"https:\/\/www.mullinger.de\/index.php?rest_route=\/wp\/v2\/media\/694"}],"wp:attachment":[{"href":"https:\/\/www.mullinger.de\/index.php?rest_route=%2Fwp%2Fv2%2Fmedia&parent=693"}],"wp:term":[{"taxonomy":"product_brand","embeddable":true,"href":"https:\/\/www.mullinger.de\/index.php?rest_route=%2Fwp%2Fv2%2Fproduct_brand&post=693"},{"taxonomy":"product_cat","embeddable":true,"href":"https:\/\/www.mullinger.de\/index.php?rest_route=%2Fwp%2Fv2%2Fproduct_cat&post=693"},{"taxonomy":"product_tag","embeddable":true,"href":"https:\/\/www.mullinger.de\/index.php?rest_route=%2Fwp%2Fv2%2Fproduct_tag&post=693"}],"curies":[{"name":"wp","href":"https:\/\/api.w.org\/{rel}","templated":true}]}}