{"id":687,"date":"2019-10-12T11:59:22","date_gmt":"2019-10-12T11:59:22","guid":{"rendered":"https:\/\/www.mullinger.de\/?post_type=product&#038;p=687"},"modified":"2019-10-12T12:06:03","modified_gmt":"2019-10-12T12:06:03","slug":"dyrberg-kern-extravaganter-schilfgruener-schal-stola-mit-applikationen","status":"publish","type":"product","link":"https:\/\/www.mullinger.de\/?product=dyrberg-kern-extravaganter-schilfgruener-schal-stola-mit-applikationen","title":{"rendered":"DYRBERG KERN extravaganter schilfgr\u00fcner Schal Stola mit Applikationen"},"content":{"rendered":"<p>Exklusiver Schal, exklusive Stola der d\u00e4nischen Designer Gitte Dyrberg und Henning Kern!<\/p>\n<p>Schilfgr\u00fcner weicher Wollschal mit einer L\u00e4nge von 2 m und einer Breite von 40 cm besetzt mit feinen Linien aus bunten gl\u00e4sernen und metallartigen Applikationen (siehe Bilder)!<\/p>\n<p><strong>Ein echter Hingucker!<\/strong><\/p>\n","protected":false},"excerpt":{"rendered":"<p>Exklusiver Schal, exklusive Stola der d\u00e4nischen Designer Gitte Dyrberg und Henning Kern! Schilfgr\u00fcner weicher Wollschal mit einer L\u00e4nge von 2 m und einer Breite von 40 cm besetzt mit feinen Linien aus bunten gl\u00e4sernen und metallartigen Applikationen (siehe Bilder)! Ein echter Hingucker!<\/p>\n","protected":false},"featured_media":690,"template":"","meta":[],"product_brand":[],"product_cat":[37],"product_tag":[],"class_list":{"0":"post-687","1":"product","2":"type-product","3":"status-publish","4":"has-post-thumbnail","6":"product_cat-dyrberg-kern","8":"first","9":"instock","10":"taxable","11":"shipping-taxable","12":"purchasable","13":"product-type-simple"},"jetpack_sharing_enabled":true,"_links":{"self":[{"href":"https:\/\/www.mullinger.de\/index.php?rest_route=\/wp\/v2\/product\/687","targetHints":{"allow":["GET"]}}],"collection":[{"href":"https:\/\/www.mullinger.de\/index.php?rest_route=\/wp\/v2\/product"}],"about":[{"href":"https:\/\/www.mullinger.de\/index.php?rest_route=\/wp\/v2\/types\/product"}],"wp:featuredmedia":[{"embeddable":true,"href":"https:\/\/www.mullinger.de\/index.php?rest_route=\/wp\/v2\/media\/690"}],"wp:attachment":[{"href":"https:\/\/www.mullinger.de\/index.php?rest_route=%2Fwp%2Fv2%2Fmedia&parent=687"}],"wp:term":[{"taxonomy":"product_brand","embeddable":true,"href":"https:\/\/www.mullinger.de\/index.php?rest_route=%2Fwp%2Fv2%2Fproduct_brand&post=687"},{"taxonomy":"product_cat","embeddable":true,"href":"https:\/\/www.mullinger.de\/index.php?rest_route=%2Fwp%2Fv2%2Fproduct_cat&post=687"},{"taxonomy":"product_tag","embeddable":true,"href":"https:\/\/www.mullinger.de\/index.php?rest_route=%2Fwp%2Fv2%2Fproduct_tag&post=687"}],"curies":[{"name":"wp","href":"https:\/\/api.w.org\/{rel}","templated":true}]}}