{"id":620,"date":"2019-10-11T10:32:56","date_gmt":"2019-10-11T10:32:56","guid":{"rendered":"https:\/\/www.mullinger.de\/?post_type=product&#038;p=620"},"modified":"2022-08-14T10:17:52","modified_gmt":"2022-08-14T10:17:52","slug":"georg-jensen-baum-anhaenger-paket-3-vier-verschiedene-motive-platiniert","status":"publish","type":"product","link":"https:\/\/www.mullinger.de\/?product=georg-jensen-baum-anhaenger-paket-3-vier-verschiedene-motive-platiniert","title":{"rendered":"GEORG JENSEN Baum-Anh\u00e4nger Paket 3, vier verschiedene Motive, platiniert"},"content":{"rendered":"<div>\n<div><\/div>\n<div>Unter dem Serien-Namen GOLDEN CHRISTMAS werden jedes Jahr neue Motive f\u00fcr diverse Weihnachtsschmuck-Artikel aus dem Hause GEORG JENSEN gefertigt. Die Serien sind in vergoldetem (Wei\u00dfgold und Gelbgold) und &#8211; besonders exklusiv, weil noch wertvoller &#8211; mit Platin veredeltem Messing (platinum plated) erh\u00e4ltlich.<\/div>\n<div>\n<p>Die Motive vergangener Jahre sind sehr selten, da die Auflagen limitiert sind. Motive eines Jahres werden nur in diesem Jahr produziert. Die Serie wird jedes Jahr um die &#8222;Motive des Jahres&#8220; erg\u00e4nzt, so da\u00df schon eine stattliche Anzahl von Motiven Ihren Weihnachtsbaum schm\u00fccken k\u00f6nnte. Auch die Kombination zwischen wei\u00dfgoldenen und gelbgoldenen und platinierten Artikel der GOLDEN CHRISTMAS Serie ist auf jeden Fall eine M\u00f6glichkeit, sich von dem Weihnachtsbaumeinerlei abzuheben. Da jedes Motive nur in seinem Entstehungsjahr produziert wird, steigt der Wert der Ornamente\/Baumanh\u00e4nger von Jahr zu Jahr.<\/p>\n<\/div>\n<\/div>\n<div>Herz (glatt) 1990 &#8211; Stern 1990 &#8211; Vogel 1991 &#8211; Trompete 1991 &#8211; Trommel 1992 &#8211; Brezel 1992 &#8211; Engel 1993 &#8211; Julbock 1993 &#8211; Tannzapfen 1994 &#8211; Glocke 1994 &#8211; Spitzt\u00fcte 1995 &#8211; Schaukelpferd 1996 &#8211; Eisb\u00e4r 1997 &#8211; Herz (rautiert) 1997 &#8211; Saxophon 1995 &#8211; Violine 1996<\/div>\n<div><\/div>\n<div><strong>Hier das Paket 3: Spitzt\u00fcte, Saxophon, Eisb\u00e4r und Herz (Raute)<br \/>\n<\/strong><\/div>\n<div><\/div>\n<div>\n<div>Designer: Andreas Mikkelsen<\/div>\n<div>L\u00e4nge: ca. 150mm<\/div>\n<div>platiniert (platinum plated)<\/div>\n<div><\/div>\n<\/div>\n","protected":false},"excerpt":{"rendered":"<p>Unter dem Serien-Namen GOLDEN CHRISTMAS werden jedes Jahr neue Motive f\u00fcr diverse Weihnachtsschmuck-Artikel aus dem Hause GEORG JENSEN gefertigt. Die Serien sind in vergoldetem (Wei\u00dfgold und Gelbgold) und &#8211; besonders exklusiv, weil noch wertvoller &#8211; mit Platin veredeltem Messing (platinum plated) erh\u00e4ltlich. Die Motive vergangener Jahre sind sehr selten, da die Auflagen limitiert sind. Motive [&hellip;]<\/p>\n","protected":false},"featured_media":621,"template":"","meta":[],"product_brand":[],"product_cat":[36],"product_tag":[],"class_list":{"0":"post-620","1":"product","2":"type-product","3":"status-publish","4":"has-post-thumbnail","6":"product_cat-georg-jensen-weihnachtsschmuck","8":"first","9":"instock","10":"taxable","11":"shipping-taxable","12":"purchasable","13":"product-type-simple"},"jetpack_sharing_enabled":true,"_links":{"self":[{"href":"https:\/\/www.mullinger.de\/index.php?rest_route=\/wp\/v2\/product\/620","targetHints":{"allow":["GET"]}}],"collection":[{"href":"https:\/\/www.mullinger.de\/index.php?rest_route=\/wp\/v2\/product"}],"about":[{"href":"https:\/\/www.mullinger.de\/index.php?rest_route=\/wp\/v2\/types\/product"}],"wp:featuredmedia":[{"embeddable":true,"href":"https:\/\/www.mullinger.de\/index.php?rest_route=\/wp\/v2\/media\/621"}],"wp:attachment":[{"href":"https:\/\/www.mullinger.de\/index.php?rest_route=%2Fwp%2Fv2%2Fmedia&parent=620"}],"wp:term":[{"taxonomy":"product_brand","embeddable":true,"href":"https:\/\/www.mullinger.de\/index.php?rest_route=%2Fwp%2Fv2%2Fproduct_brand&post=620"},{"taxonomy":"product_cat","embeddable":true,"href":"https:\/\/www.mullinger.de\/index.php?rest_route=%2Fwp%2Fv2%2Fproduct_cat&post=620"},{"taxonomy":"product_tag","embeddable":true,"href":"https:\/\/www.mullinger.de\/index.php?rest_route=%2Fwp%2Fv2%2Fproduct_tag&post=620"}],"curies":[{"name":"wp","href":"https:\/\/api.w.org\/{rel}","templated":true}]}}