{"id":588,"date":"2019-10-08T08:45:28","date_gmt":"2019-10-08T08:45:28","guid":{"rendered":"https:\/\/www.mullinger.de\/?post_type=product&#038;p=588"},"modified":"2019-10-08T08:51:16","modified_gmt":"2019-10-08T08:51:16","slug":"dyrberg-kern-lange-halskette-mit-anhaenger-silbern-grau","status":"publish","type":"product","link":"https:\/\/www.mullinger.de\/?product=dyrberg-kern-lange-halskette-mit-anhaenger-silbern-grau","title":{"rendered":"DYRBERG KERN lange Halskette mit Anh\u00e4nger, silbern\/grau"},"content":{"rendered":"<p>Lange mehrfarbige Halskette mit einer L\u00e4nge von knapp 120 cm. Diese kann &#8211; je nach Bedarf lang (einfach), kurz (doppelt) oder sehr kurz (dreifach) getragen werden. Dabei ist je eine von den drei Farben (silber, grau und schwarz) je 40 cm der Kette. Die Kette ist sehr feingliedrig und die Glieder haben je Farbe eine andere Form. Geschlossen wird die Kette mit einem typischen Karabiner, an dem sich zwei &#8222;Marken&#8220; mit den Initialien DK bzw. DYRBERG KERN befinden.<\/p>\n<p>Der Anh\u00e4nger ist ca. 2 x 1 cm gro\u00df (quadratischer Anh\u00e4nger plus gro\u00dfer Ring) und ist beidseitig mit einem perlmutartigen Besatz belegt. Auf der einen Seite wei\u00df &#8211; auf der anderen Seite gr\u00fcn. Auch an diesem Anh\u00e4nger &#8211; wie f\u00fcr Dyrberg \/ Kern typisch: der Schriftzug DYRBERG KERN.<\/p>\n","protected":false},"excerpt":{"rendered":"<p>Lange mehrfarbige Halskette mit einer L\u00e4nge von knapp 120 cm. Diese kann &#8211; je nach Bedarf lang (einfach), kurz (doppelt) oder sehr kurz (dreifach) getragen werden. Dabei ist je eine von den drei Farben (silber, grau und schwarz) je 40 cm der Kette. Die Kette ist sehr feingliedrig und die Glieder haben je Farbe eine [&hellip;]<\/p>\n","protected":false},"featured_media":589,"template":"","meta":[],"product_brand":[],"product_cat":[37],"product_tag":[39,42,40,41],"class_list":{"0":"post-588","1":"product","2":"type-product","3":"status-publish","4":"has-post-thumbnail","6":"product_cat-dyrberg-kern","7":"product_tag-dyrberg","8":"product_tag-halskette","9":"product_tag-kern","10":"product_tag-kette","12":"first","13":"instock","14":"taxable","15":"shipping-taxable","16":"purchasable","17":"product-type-simple"},"jetpack_sharing_enabled":true,"_links":{"self":[{"href":"https:\/\/www.mullinger.de\/index.php?rest_route=\/wp\/v2\/product\/588","targetHints":{"allow":["GET"]}}],"collection":[{"href":"https:\/\/www.mullinger.de\/index.php?rest_route=\/wp\/v2\/product"}],"about":[{"href":"https:\/\/www.mullinger.de\/index.php?rest_route=\/wp\/v2\/types\/product"}],"wp:featuredmedia":[{"embeddable":true,"href":"https:\/\/www.mullinger.de\/index.php?rest_route=\/wp\/v2\/media\/589"}],"wp:attachment":[{"href":"https:\/\/www.mullinger.de\/index.php?rest_route=%2Fwp%2Fv2%2Fmedia&parent=588"}],"wp:term":[{"taxonomy":"product_brand","embeddable":true,"href":"https:\/\/www.mullinger.de\/index.php?rest_route=%2Fwp%2Fv2%2Fproduct_brand&post=588"},{"taxonomy":"product_cat","embeddable":true,"href":"https:\/\/www.mullinger.de\/index.php?rest_route=%2Fwp%2Fv2%2Fproduct_cat&post=588"},{"taxonomy":"product_tag","embeddable":true,"href":"https:\/\/www.mullinger.de\/index.php?rest_route=%2Fwp%2Fv2%2Fproduct_tag&post=588"}],"curies":[{"name":"wp","href":"https:\/\/api.w.org\/{rel}","templated":true}]}}