{"id":371,"date":"2019-02-26T16:47:44","date_gmt":"2019-02-26T16:47:44","guid":{"rendered":"https:\/\/www.mullinger.de\/?post_type=product&#038;p=371"},"modified":"2025-11-09T16:26:07","modified_gmt":"2025-11-09T16:26:07","slug":"georg-jensen-ornament-herz-platiniert","status":"publish","type":"product","link":"https:\/\/www.mullinger.de\/?product=georg-jensen-ornament-herz-platiniert","title":{"rendered":"GEORG JENSEN Ornament HERZ, platiniert"},"content":{"rendered":"<p>Unter dem Serien-Namen GOLDEN CHRISTMAS werden jedes Jahr neue Motive f\u00fcr diverse Weihnachtsschmuck-Artikel aus dem Hause GEORG JENSEN gefertigt. Die Serien sind in vergoldetem und &#8211; besonders exklusiv, weil noch wertvoller &#8211; mit Platin veredeltem Messing erh\u00e4ltlich. Die Motive vergangener Jahre sind sehr selten, da die Auflagen limitiert sind. Motive eines Jahres werden nur in diesem Jahr produziert. Die Serie wird jedes Jahr um die &#8222;Motive des Jahres&#8220; erg\u00e4nzt, so da\u00df schon eine stattliche Anzahl von Motiven Ihren Weihnachtsbaum schm\u00fccken k\u00f6nnte. Auch die Kombination zwischen wei\u00dfgoldenen und gelbgoldenen und platinierten Artikel der GOLDEN CHRISTMAS Serie ist auf jeden Fall eine M\u00f6glichkeit, sich von dem Weihnachtsbaumeinerlei abzuheben. Da jedes Motive nur in seinem Entstehungsjahr produziert wird, steigt der Wert des Baumschmucks von Jahr zu Jahr.<\/p>\n<p>platiniert (platinum plated)<\/p>\n<p>Designer: Andreas Mikkelsen<br \/>\nL\u00e4nge: ca. 100mm<\/p>\n","protected":false},"excerpt":{"rendered":"<p>Unter dem Serien-Namen GOLDEN CHRISTMAS werden jedes Jahr neue Motive f\u00fcr diverse Weihnachtsschmuck-Artikel aus dem Hause GEORG JENSEN gefertigt. Die Serien sind in vergoldetem und &#8211; besonders exklusiv, weil noch wertvoller &#8211; mit Platin veredeltem Messing erh\u00e4ltlich. Die Motive vergangener Jahre sind sehr selten, da die Auflagen limitiert sind. Motive eines Jahres werden nur in [&hellip;]<\/p>\n","protected":false},"featured_media":372,"template":"","meta":[],"product_brand":[],"product_cat":[36],"product_tag":[],"class_list":{"0":"post-371","1":"product","2":"type-product","3":"status-publish","4":"has-post-thumbnail","6":"product_cat-georg-jensen-weihnachtsschmuck","8":"first","9":"instock","10":"taxable","11":"shipping-taxable","12":"purchasable","13":"product-type-simple"},"jetpack_sharing_enabled":true,"_links":{"self":[{"href":"https:\/\/www.mullinger.de\/index.php?rest_route=\/wp\/v2\/product\/371","targetHints":{"allow":["GET"]}}],"collection":[{"href":"https:\/\/www.mullinger.de\/index.php?rest_route=\/wp\/v2\/product"}],"about":[{"href":"https:\/\/www.mullinger.de\/index.php?rest_route=\/wp\/v2\/types\/product"}],"wp:featuredmedia":[{"embeddable":true,"href":"https:\/\/www.mullinger.de\/index.php?rest_route=\/wp\/v2\/media\/372"}],"wp:attachment":[{"href":"https:\/\/www.mullinger.de\/index.php?rest_route=%2Fwp%2Fv2%2Fmedia&parent=371"}],"wp:term":[{"taxonomy":"product_brand","embeddable":true,"href":"https:\/\/www.mullinger.de\/index.php?rest_route=%2Fwp%2Fv2%2Fproduct_brand&post=371"},{"taxonomy":"product_cat","embeddable":true,"href":"https:\/\/www.mullinger.de\/index.php?rest_route=%2Fwp%2Fv2%2Fproduct_cat&post=371"},{"taxonomy":"product_tag","embeddable":true,"href":"https:\/\/www.mullinger.de\/index.php?rest_route=%2Fwp%2Fv2%2Fproduct_tag&post=371"}],"curies":[{"name":"wp","href":"https:\/\/api.w.org\/{rel}","templated":true}]}}