{"id":339,"date":"2019-02-26T08:19:47","date_gmt":"2019-02-26T08:19:47","guid":{"rendered":"https:\/\/www.mullinger.de\/?post_type=product&#038;p=339"},"modified":"2022-03-14T11:51:54","modified_gmt":"2022-03-14T11:51:54","slug":"georg-jensen-anhaenger-des-jahres-2000-sterling-silber","status":"publish","type":"product","link":"https:\/\/www.mullinger.de\/?product=georg-jensen-anhaenger-des-jahres-2000-sterling-silber","title":{"rendered":"GEORG JENSEN Anh\u00e4nger des Jahres 2000, Sterling Silber"},"content":{"rendered":"<p class=\"no_margin\">Jedes Jahr bringt die d\u00e4nische Designerschmiede Georg Jensen einen Anh\u00e4nger des Jahres heraus. Dieser Anh\u00e4nger wird sowohl nach Vorlagen des gro\u00dfen Designers Georg Jensen (1866 &#8211; 1935), aber auch unter Mitwirkung namhafter Designer der heutigen Zeit entworfen. Die Anh\u00e4nger werden in limitierter Auflage hergestellt und nicht wieder produziert.<\/p>\n<p>Der &#8222;Anh\u00e4nger des Jahres 2000&#8220; ist gefertigt in 925er Sterling Silber.<\/p>\n<p>Gr\u00f6\u00dfe des Anh\u00e4ngers: ca. 2 x 2 cm<br \/>\nL\u00e4nge der Kette: 40 cm<\/p>\n<p class=\"no_margin\">Der Anh\u00e4nger ist auf der R\u00fcckseite gemarkt mit: 2000, Georg Jensen, 925S, Denmark<\/p>\n<p>verpackt in einer Georg Jensen Schmuckbox<\/p>\n","protected":false},"excerpt":{"rendered":"<p>Jedes Jahr bringt die d\u00e4nische Designerschmiede Georg Jensen einen Anh\u00e4nger des Jahres heraus. Dieser Anh\u00e4nger wird sowohl nach Vorlagen des gro\u00dfen Designers Georg Jensen (1866 &#8211; 1935), aber auch unter Mitwirkung namhafter Designer der heutigen Zeit entworfen. Die Anh\u00e4nger werden in limitierter Auflage hergestellt und nicht wieder produziert. Der &#8222;Anh\u00e4nger des Jahres 2000&#8220; ist gefertigt [&hellip;]<\/p>\n","protected":false},"featured_media":340,"template":"","meta":[],"product_brand":[],"product_cat":[35],"product_tag":[],"class_list":{"0":"post-339","1":"product","2":"type-product","3":"status-publish","4":"has-post-thumbnail","6":"product_cat-georg-jensen-schmuck","8":"first","9":"outofstock","10":"taxable","11":"shipping-taxable","12":"purchasable","13":"product-type-simple"},"jetpack_sharing_enabled":true,"_links":{"self":[{"href":"https:\/\/www.mullinger.de\/index.php?rest_route=\/wp\/v2\/product\/339","targetHints":{"allow":["GET"]}}],"collection":[{"href":"https:\/\/www.mullinger.de\/index.php?rest_route=\/wp\/v2\/product"}],"about":[{"href":"https:\/\/www.mullinger.de\/index.php?rest_route=\/wp\/v2\/types\/product"}],"wp:featuredmedia":[{"embeddable":true,"href":"https:\/\/www.mullinger.de\/index.php?rest_route=\/wp\/v2\/media\/340"}],"wp:attachment":[{"href":"https:\/\/www.mullinger.de\/index.php?rest_route=%2Fwp%2Fv2%2Fmedia&parent=339"}],"wp:term":[{"taxonomy":"product_brand","embeddable":true,"href":"https:\/\/www.mullinger.de\/index.php?rest_route=%2Fwp%2Fv2%2Fproduct_brand&post=339"},{"taxonomy":"product_cat","embeddable":true,"href":"https:\/\/www.mullinger.de\/index.php?rest_route=%2Fwp%2Fv2%2Fproduct_cat&post=339"},{"taxonomy":"product_tag","embeddable":true,"href":"https:\/\/www.mullinger.de\/index.php?rest_route=%2Fwp%2Fv2%2Fproduct_tag&post=339"}],"curies":[{"name":"wp","href":"https:\/\/api.w.org\/{rel}","templated":true}]}}