{"id":323,"date":"2019-02-25T19:58:42","date_gmt":"2019-02-25T19:58:42","guid":{"rendered":"https:\/\/www.mullinger.de\/?post_type=product&#038;p=323"},"modified":"2026-01-14T10:55:52","modified_gmt":"2026-01-14T10:55:52","slug":"georg-jensen-schluesselring-steel-sterling-silber","status":"publish","type":"product","link":"https:\/\/www.mullinger.de\/?product=georg-jensen-schluesselring-steel-sterling-silber","title":{"rendered":"GEORG JENSEN Schl\u00fcsselring STEEL, Sterling Silber"},"content":{"rendered":"<p>extravaganter Schl\u00fcsselring aus feinem Sterling Silber, gekr\u00f6nt einer hochwertigen Stahlkugel (11mm) als Verschluss des Schl\u00fcsselrings vorgesehen ist<\/p>\n<p>Design Nr. 433<br \/>\ngestempelt mit GEORG JENSEN, DENMARK, 925S, 433<br \/>\nverpackt in einer wundersch\u00f6nen Schmuckschatulle<\/p>\n<p>&nbsp;<\/p>\n","protected":false},"excerpt":{"rendered":"<p>extravaganter Schl\u00fcsselring aus feinem Sterling Silber, gekr\u00f6nt einer hochwertigen Stahlkugel (11mm) als Verschluss des Schl\u00fcsselrings vorgesehen ist Design Nr. 433 gestempelt mit GEORG JENSEN, DENMARK, 925S, 433 verpackt in einer wundersch\u00f6nen Schmuckschatulle &nbsp;<\/p>\n","protected":false},"featured_media":324,"template":"","meta":[],"product_brand":[],"product_cat":[35],"product_tag":[],"class_list":{"0":"post-323","1":"product","2":"type-product","3":"status-publish","4":"has-post-thumbnail","6":"product_cat-georg-jensen-schmuck","8":"first","9":"instock","10":"taxable","11":"shipping-taxable","12":"purchasable","13":"product-type-simple"},"jetpack_sharing_enabled":true,"_links":{"self":[{"href":"https:\/\/www.mullinger.de\/index.php?rest_route=\/wp\/v2\/product\/323","targetHints":{"allow":["GET"]}}],"collection":[{"href":"https:\/\/www.mullinger.de\/index.php?rest_route=\/wp\/v2\/product"}],"about":[{"href":"https:\/\/www.mullinger.de\/index.php?rest_route=\/wp\/v2\/types\/product"}],"wp:featuredmedia":[{"embeddable":true,"href":"https:\/\/www.mullinger.de\/index.php?rest_route=\/wp\/v2\/media\/324"}],"wp:attachment":[{"href":"https:\/\/www.mullinger.de\/index.php?rest_route=%2Fwp%2Fv2%2Fmedia&parent=323"}],"wp:term":[{"taxonomy":"product_brand","embeddable":true,"href":"https:\/\/www.mullinger.de\/index.php?rest_route=%2Fwp%2Fv2%2Fproduct_brand&post=323"},{"taxonomy":"product_cat","embeddable":true,"href":"https:\/\/www.mullinger.de\/index.php?rest_route=%2Fwp%2Fv2%2Fproduct_cat&post=323"},{"taxonomy":"product_tag","embeddable":true,"href":"https:\/\/www.mullinger.de\/index.php?rest_route=%2Fwp%2Fv2%2Fproduct_tag&post=323"}],"curies":[{"name":"wp","href":"https:\/\/api.w.org\/{rel}","templated":true}]}}