{"id":272,"date":"2019-02-24T12:39:20","date_gmt":"2019-02-24T12:39:20","guid":{"rendered":"https:\/\/www.mullinger.de\/?post_type=product&#038;p=272"},"modified":"2019-02-24T13:37:57","modified_gmt":"2019-02-24T13:37:57","slug":"dyrberg-kern-halskette-double-mit-swarovski-anhaengern","status":"publish","type":"product","link":"https:\/\/www.mullinger.de\/?product=dyrberg-kern-halskette-double-mit-swarovski-anhaengern","title":{"rendered":"DYRBERG KERN Halskette DOUBLE mit Swarovski-Anh\u00e4ngern"},"content":{"rendered":"<p>Exklusive Doppel-Halskette mit je einem Anh\u00e4nger,<\/p>\n<p>die unterschiedlichen Halsketten sind silber- bzw. anthrazitfarben, die goldfarbenen Anh\u00e4nger sind mit einem silberfarbenen und einem anthrazitfarbenen Swarovski besetzt, am Ende der Kette befindet sich ein Karabinerverschluss und Marken mit DYRBERG\u00a0KERN<\/p>\n<p>L\u00e4nge der Ketten ca. 40 cm Gr\u00fc\u00dfe der Anh\u00e4nger ca. 1,5 cm<\/p>\n","protected":false},"excerpt":{"rendered":"<p>Exklusive Doppel-Halskette mit je einem Anh\u00e4nger, die unterschiedlichen Halsketten sind silber- bzw. anthrazitfarben, die goldfarbenen Anh\u00e4nger sind mit einem silberfarbenen und einem anthrazitfarbenen Swarovski besetzt, am Ende der Kette befindet sich ein Karabinerverschluss und Marken mit DYRBERG\u00a0KERN L\u00e4nge der Ketten ca. 40 cm Gr\u00fc\u00dfe der Anh\u00e4nger ca. 1,5 cm<\/p>\n","protected":false},"featured_media":273,"template":"","meta":[],"product_brand":[],"product_cat":[37],"product_tag":[39,42,40,41],"class_list":{"0":"post-272","1":"product","2":"type-product","3":"status-publish","4":"has-post-thumbnail","6":"product_cat-dyrberg-kern","7":"product_tag-dyrberg","8":"product_tag-halskette","9":"product_tag-kern","10":"product_tag-kette","12":"first","13":"instock","14":"sale","15":"taxable","16":"shipping-taxable","17":"purchasable","18":"product-type-simple"},"jetpack_sharing_enabled":true,"_links":{"self":[{"href":"https:\/\/www.mullinger.de\/index.php?rest_route=\/wp\/v2\/product\/272","targetHints":{"allow":["GET"]}}],"collection":[{"href":"https:\/\/www.mullinger.de\/index.php?rest_route=\/wp\/v2\/product"}],"about":[{"href":"https:\/\/www.mullinger.de\/index.php?rest_route=\/wp\/v2\/types\/product"}],"wp:featuredmedia":[{"embeddable":true,"href":"https:\/\/www.mullinger.de\/index.php?rest_route=\/wp\/v2\/media\/273"}],"wp:attachment":[{"href":"https:\/\/www.mullinger.de\/index.php?rest_route=%2Fwp%2Fv2%2Fmedia&parent=272"}],"wp:term":[{"taxonomy":"product_brand","embeddable":true,"href":"https:\/\/www.mullinger.de\/index.php?rest_route=%2Fwp%2Fv2%2Fproduct_brand&post=272"},{"taxonomy":"product_cat","embeddable":true,"href":"https:\/\/www.mullinger.de\/index.php?rest_route=%2Fwp%2Fv2%2Fproduct_cat&post=272"},{"taxonomy":"product_tag","embeddable":true,"href":"https:\/\/www.mullinger.de\/index.php?rest_route=%2Fwp%2Fv2%2Fproduct_tag&post=272"}],"curies":[{"name":"wp","href":"https:\/\/api.w.org\/{rel}","templated":true}]}}