{"id":38,"date":"2019-02-21T21:06:17","date_gmt":"2019-02-21T21:06:17","guid":{"rendered":"https:\/\/www.mullinger.de\/?page_id=38"},"modified":"2019-02-24T11:11:27","modified_gmt":"2019-02-24T11:11:27","slug":"bezahlmoeglichkeiten","status":"publish","type":"page","link":"https:\/\/www.mullinger.de\/?page_id=38","title":{"rendered":"Zahlungsarten"},"content":{"rendered":"\n<h3 class=\"wp-block-heading\">PayPal<\/h3>\n\n\n\n<p class=\"has-medium-font-size\">Mit PayPal bezahlen Sie einfach und sicher! Diese Zahlungsm\u00f6glichkeit setzt eine Anmeldung bei PayPal voraus. Weitere Informationen finden Sie auf <a href=\"http:\/\/www.paypal.com\/de\" target=\"_blank\" rel=\"noreferrer noopener\" aria-label=\"PAYPAL (\u00f6ffnet in neuem Tab)\">PAYPAL<\/a><\/p>\n\n\n\n<h3 class=\"wp-block-heading\">Vorkasse<\/h3>\n\n\n\n<p class=\"has-medium-font-size\">Sie \u00fcberweisen uns nach dem Bestellvorgang den f\u00e4lligen Betrag auf unser Konto. Die Kontonummer wird Ihnen nach dem Bestellprozess per Email mitgeteilt. Nach Geldeingang wird die Ware umgehend versandt.<\/p>\n\n\n\n<h3 class=\"wp-block-heading\">Rechnung<\/h3>\n\n\n\n<p class=\"has-medium-font-size\">Ab der <strong>zweiten Bestellung<\/strong> geben wir Ihnen die M\u00f6glichkeit, auf Rechnung zu bezahlen. Sie bezahlen die Ware erst nach Erhalt per \u00dcberweisung.<\/p>\n","protected":false},"excerpt":{"rendered":"<p>PayPal Mit PayPal bezahlen Sie einfach und sicher! Diese Zahlungsm\u00f6glichkeit setzt eine Anmeldung bei PayPal voraus. Weitere Informationen finden Sie auf PAYPAL Vorkasse Sie \u00fcberweisen uns nach dem Bestellvorgang den f\u00e4lligen Betrag auf unser Konto. Die Kontonummer wird Ihnen nach dem Bestellprozess per Email mitgeteilt. Nach Geldeingang wird die Ware umgehend versandt. Rechnung Ab der [&hellip;]<\/p>\n","protected":false},"author":1,"featured_media":0,"parent":0,"menu_order":0,"comment_status":"closed","ping_status":"closed","template":"","meta":{"footnotes":""},"class_list":["post-38","page","type-page","status-publish","hentry"],"jetpack_sharing_enabled":true,"_links":{"self":[{"href":"https:\/\/www.mullinger.de\/index.php?rest_route=\/wp\/v2\/pages\/38","targetHints":{"allow":["GET"]}}],"collection":[{"href":"https:\/\/www.mullinger.de\/index.php?rest_route=\/wp\/v2\/pages"}],"about":[{"href":"https:\/\/www.mullinger.de\/index.php?rest_route=\/wp\/v2\/types\/page"}],"author":[{"embeddable":true,"href":"https:\/\/www.mullinger.de\/index.php?rest_route=\/wp\/v2\/users\/1"}],"replies":[{"embeddable":true,"href":"https:\/\/www.mullinger.de\/index.php?rest_route=%2Fwp%2Fv2%2Fcomments&post=38"}],"version-history":[{"count":4,"href":"https:\/\/www.mullinger.de\/index.php?rest_route=\/wp\/v2\/pages\/38\/revisions"}],"predecessor-version":[{"id":238,"href":"https:\/\/www.mullinger.de\/index.php?rest_route=\/wp\/v2\/pages\/38\/revisions\/238"}],"wp:attachment":[{"href":"https:\/\/www.mullinger.de\/index.php?rest_route=%2Fwp%2Fv2%2Fmedia&parent=38"}],"curies":[{"name":"wp","href":"https:\/\/api.w.org\/{rel}","templated":true}]}}