{"id":35,"date":"2019-02-21T21:06:17","date_gmt":"2019-02-21T21:06:17","guid":{"rendered":"https:\/\/www.mullinger.de\/?page_id=35"},"modified":"2019-02-24T11:21:47","modified_gmt":"2019-02-24T11:21:47","slug":"agb","status":"publish","type":"page","link":"https:\/\/www.mullinger.de\/?page_id=35","title":{"rendered":"Allgemeine Gesch\u00e4ftsbedingungen"},"content":{"rendered":"\n<p class=\"has-medium-font-size\"><strong>\u00a7 1 Bestellung und Vertragsschluss<\/strong><br><br> (1) Sie bestellen in unserem Shop, indem Sie folgende Schritte durchlaufen.<br><br> a) Sie legen Artikel durch Klick auf &#8222;in den Warenkorb&#8220; unverbindlich in Ihren Warenkorb.<br><br>  b) Alle Artikel, die Sie im Warenkorb abgelegt haben, k\u00f6nnen Sie  einsehen, wenn Sie auf &#8222;Warenkorb&#8220; klicken. Hier k\u00f6nnen Sie auch Artikel  l\u00f6schen oder die Anzahl \u00e4ndern.<br><br> c) Wenn Sie die Artikel aus  Ihrem Warenkorb kaufen m\u00f6chten, klicken Sie dann auf &#8222;Kasse&#8220;. Damit  gelangen Sie zum Bestellvorgang.<br><br> d) Im Bestellvorgang geben Sie zun\u00e4chst Ihre Adress- und Zahlungsdaten ein.<br><br>  e) Bevor Sie Ihre Bestellung absenden erhalten Sie auf der  Kontrollseite den \u00dcberblick \u00fcber alle Daten Ihrer geplanten Bestellungen  (insbesondere Rechnungs- und Lieferanschrift, Produkt, Preis, Menge,  Zahlungsart). Hier werden Sie aufgefordert, die Richtigkeit Ihrer  Angaben best\u00e4tigen. Sie k\u00f6nnen hier auch Ihre Bestelldaten korrigieren  bzw. \u00e4ndern.<br><br> f) Erst durch Klick auf den Button &#8222;kaufen&#8220; senden  Sie Ihre Bestellung an uns ab. Damit bieten Sie uns den Abschluss eines  Kaufvertrags an.<br><br> (2) Nach dem Absenden erhalten Sie eine  E-Mail, die den Empfang Ihrer Bestellung bei uns best\u00e4tigt und deren  Einzelheiten auff\u00fchrt (Empfangsbest\u00e4tigung). Der Kaufvertrag kommt damit  noch nicht zustande. Es wird nur best\u00e4tigt, dass wir Ihre Bestellung  erhalten haben.<br><br> (3) Der Kaufvertrag kommt erst zustande, wenn  wir Ihr Angebot durch den Versand der Ware oder eine Auftragsbest\u00e4tigung  annehmen. Vertr\u00e4ge auf unserer Website werden nur in deutscher Sprache  geschlossen.<br><br><strong>\u00a7 2 Speicherung der Bestellungen<\/strong><br><br>  Ihre Bestellung bleibt bei uns nach Vertragsschluss gespeichert. Wenn  Sie ein Kundenkonto eingerichtet haben, k\u00f6nnen Sie die Daten Ihrer  Bestellung dort einsehen. Haben Sie kein Kundenkonto wenden Sie sich  bitte per E-Mail\/Fax\/Telefon an uns. Wir senden Ihnen eine Kopie der  Daten Ihrer Bestellung gerne zu.<br><br><strong>\u00a7 3 Liefergebiet und Kundenkreis<\/strong><br><br> Wir liefern nur nach Deutschland und in die L\u00e4nder, die in dem Bestellablauf aufgelistet sind.<br><br><strong>\u00a7 4 Preise und befristete Angebote<\/strong><br><br> (1) Alle Preisangaben sind Endverbraucherpreise, beinhalten die gesetzliche Mehrwertsteuer und verstehen sich zuz\u00fcglich <a href=\"https:\/\/www.mullinger.de\/?page_id=2\" target=\"_blank\" rel=\"noreferrer noopener\" aria-label=\"Versandkosten (\u00f6ffnet in neuem Tab)\">Versandkosten<\/a>. Es gilt der Preis zum Zeitpunkt der Bestellung.<br><br>  (2) Bitte beachten Sie, dass Angebote in unserem Online-Shop zeitlich  oder mengenm\u00e4\u00dfig begrenzt sein k\u00f6nnen. Einzelheiten ergeben sich aus der  jeweiligen Produktbeschreibung.<br><br> (3) F\u00fcr Kunden au\u00dferhalb der  EU: Bitte beachten Sie, dass beim Versand unter Umst\u00e4nden Z\u00f6lle  anfallen, die zum Endpreis Ihrer Bestellung hinzugerechnet werden und  von Ihnen zu tragen sind.<br><br><strong>\u00a7 5 Zahlung<\/strong><br><br> (1) Wir bieten Ihnen zur Zeit folgende Zahlungsarten an: Vorauskasse, PAYPAL<br><br>  (2) Bei entsprechender Bonit\u00e4t behalten wir uns vor, einzelne  Zahlungsarten freizugeben oder nicht mehr anzubieten. Sofern wir davon  Gebrauch machen, k\u00f6nnen Sie eine andere Zahlungsart w\u00e4hlen.<br><br><strong>\u00a7 6 Lieferzeiten<\/strong><br><br>  (1) Soweit nicht anders vereinbart oder am Artikel anders angegeben,  liefern wir Bestellungen in Deutschland innerhalb von f\u00fcnf Werktagen  nach Erhalt Ihrer Bestellung. Bei Lieferverz\u00f6gerungen werden wir Sie  umgehend informieren.<br><br> (2) Die Lieferung durch uns erfolgt unter  dem Vorbehalt, dass wir selbst richtig und rechtzeitig beliefert werden  und die fehlende Verf\u00fcgbarkeit nicht zu vertreten haben. Bei  Nichtverf\u00fcgbarkeit der Ware werden wir Sie unverz\u00fcglich dar\u00fcber  informieren und Ihnen Gegenleistungen, die wir bereits von Ihnen  erhalten haben (z.B. Vorauszahlungen), unverz\u00fcglich zur\u00fcckerstatten.<br><br><strong>\u00a7 7 Gew\u00e4hrleistung und Garantien<\/strong><br><br> (1) Es gelten die gesetzlichen Bestimmungen. Die Verj\u00e4hrungsfrist f\u00fcr gesetzliche M\u00e4ngelanspr\u00fcche betr\u00e4gt 2 Jahre.<br><br> (2) Sollten f\u00fcr Produkte besondere Garantien gelten, bleiben Ihre gesetzlichen M\u00e4ngelanspr\u00fcche davon unbeschadet bestehen<br><br><strong>\u00a7 8 Rechtswahl<\/strong><br><br>  (1) Die Geltung des UN-Kaufrechts ist ausgeschlossen. Ist der Kunde ein  Verbraucher, sind dar\u00fcber hinaus die zwingenden  Verbraucherschutzbestimmungen anwendbar, die in dem Staat gelten, in  denen der Kunde seinen gew\u00f6hnlichen Aufenthalt hat, sofern diese dem  Kunden einen weitergehenden Schutz bieten.<br><br> (2) Sofern der  Besteller Kaufmann oder eine juristische Person \u00f6ffentlichen Rechts ist,  wird als Erf\u00fcllungsort und Gerichtsstand der Sitz unseres Betriebes  vereinbart und zwar auch im Wechsel- und Scheckprozess. <\/p>\n\n\n\n<p class=\"has-medium-font-size\">Haftungshinweis: Trotz sorgf\u00e4ltiger inhaltlicher Kontrolle \u00fcbernehmen\n wir keine Haftung f\u00fcr die Inhalte externer Links. F\u00fcr den Inhalt der \nverlinkten Seiten sind ausschlie\u00dflich deren Betreiber verantwortlich.<\/p>\n","protected":false},"excerpt":{"rendered":"<p>\u00a7 1 Bestellung und Vertragsschluss (1) Sie bestellen in unserem Shop, indem Sie folgende Schritte durchlaufen. a) Sie legen Artikel durch Klick auf &#8222;in den Warenkorb&#8220; unverbindlich in Ihren Warenkorb. b) Alle Artikel, die Sie im Warenkorb abgelegt haben, k\u00f6nnen Sie einsehen, wenn Sie auf &#8222;Warenkorb&#8220; klicken. Hier k\u00f6nnen Sie auch Artikel l\u00f6schen oder die [&hellip;]<\/p>\n","protected":false},"author":1,"featured_media":0,"parent":0,"menu_order":0,"comment_status":"closed","ping_status":"closed","template":"","meta":{"footnotes":""},"class_list":["post-35","page","type-page","status-publish","hentry"],"jetpack_sharing_enabled":true,"_links":{"self":[{"href":"https:\/\/www.mullinger.de\/index.php?rest_route=\/wp\/v2\/pages\/35","targetHints":{"allow":["GET"]}}],"collection":[{"href":"https:\/\/www.mullinger.de\/index.php?rest_route=\/wp\/v2\/pages"}],"about":[{"href":"https:\/\/www.mullinger.de\/index.php?rest_route=\/wp\/v2\/types\/page"}],"author":[{"embeddable":true,"href":"https:\/\/www.mullinger.de\/index.php?rest_route=\/wp\/v2\/users\/1"}],"replies":[{"embeddable":true,"href":"https:\/\/www.mullinger.de\/index.php?rest_route=%2Fwp%2Fv2%2Fcomments&post=35"}],"version-history":[{"count":6,"href":"https:\/\/www.mullinger.de\/index.php?rest_route=\/wp\/v2\/pages\/35\/revisions"}],"predecessor-version":[{"id":227,"href":"https:\/\/www.mullinger.de\/index.php?rest_route=\/wp\/v2\/pages\/35\/revisions\/227"}],"wp:attachment":[{"href":"https:\/\/www.mullinger.de\/index.php?rest_route=%2Fwp%2Fv2%2Fmedia&parent=35"}],"curies":[{"name":"wp","href":"https:\/\/api.w.org\/{rel}","templated":true}]}}