{"id":2,"date":"2016-05-10T03:48:21","date_gmt":"2016-05-10T03:48:21","guid":{"rendered":"http:\/\/mullinger.de\/?page_id=2"},"modified":"2019-02-24T11:01:19","modified_gmt":"2019-02-24T11:01:19","slug":"sample-page","status":"publish","type":"page","link":"https:\/\/www.mullinger.de\/?page_id=2","title":{"rendered":"Versandarten &#038; Versandkosten"},"content":{"rendered":"\n<h3 class=\"wp-block-heading\">Versandarten<\/h3>\n\n\n\n<p class=\"has-medium-font-size\">Wir versenden haupts\u00e4chlich mit DHL, Deutsche Post oder HERMES. In den meisten F\u00e4llen ist die Sendungsverfolgung hier m\u00f6glich. <\/p>\n\n\n\n<p class=\"has-medium-font-size\">Ein versicherter Versand ist gegen Aufpreis m\u00f6glich.<br><\/p>\n\n\n\n<h3 class=\"wp-block-heading\">Versandkosten<\/h3>\n\n\n\n<p class=\"has-medium-font-size\">Die Versandkosten sind abh\u00e4ngig von der Ware. Sie werden Ihnen im Bestellprozess angezeigt.<\/p>\n\n\n\n<p class=\"has-medium-font-size\"><strong>Ab einem Bestellwert von 60,00 Euro ist die Lieferung in Deutschland versandkostenfrei!<\/strong><\/p>\n","protected":false},"excerpt":{"rendered":"<p>Versandarten Wir versenden haupts\u00e4chlich mit DHL, Deutsche Post oder HERMES. In den meisten F\u00e4llen ist die Sendungsverfolgung hier m\u00f6glich. Ein versicherter Versand ist gegen Aufpreis m\u00f6glich. Versandkosten Die Versandkosten sind abh\u00e4ngig von der Ware. Sie werden Ihnen im Bestellprozess angezeigt. Ab einem Bestellwert von 60,00 Euro ist die Lieferung in Deutschland versandkostenfrei!<\/p>\n","protected":false},"author":1,"featured_media":0,"parent":0,"menu_order":0,"comment_status":"closed","ping_status":"closed","template":"","meta":{"footnotes":""},"class_list":["post-2","page","type-page","status-publish","hentry"],"jetpack_sharing_enabled":true,"_links":{"self":[{"href":"https:\/\/www.mullinger.de\/index.php?rest_route=\/wp\/v2\/pages\/2","targetHints":{"allow":["GET"]}}],"collection":[{"href":"https:\/\/www.mullinger.de\/index.php?rest_route=\/wp\/v2\/pages"}],"about":[{"href":"https:\/\/www.mullinger.de\/index.php?rest_route=\/wp\/v2\/types\/page"}],"author":[{"embeddable":true,"href":"https:\/\/www.mullinger.de\/index.php?rest_route=\/wp\/v2\/users\/1"}],"replies":[{"embeddable":true,"href":"https:\/\/www.mullinger.de\/index.php?rest_route=%2Fwp%2Fv2%2Fcomments&post=2"}],"version-history":[{"count":2,"href":"https:\/\/www.mullinger.de\/index.php?rest_route=\/wp\/v2\/pages\/2\/revisions"}],"predecessor-version":[{"id":232,"href":"https:\/\/www.mullinger.de\/index.php?rest_route=\/wp\/v2\/pages\/2\/revisions\/232"}],"wp:attachment":[{"href":"https:\/\/www.mullinger.de\/index.php?rest_route=%2Fwp%2Fv2%2Fmedia&parent=2"}],"curies":[{"name":"wp","href":"https:\/\/api.w.org\/{rel}","templated":true}]}}